{"id":1622,"date":"2018-03-13T20:33:14","date_gmt":"2018-03-13T20:33:14","guid":{"rendered":"https:\/\/esartepublicidad.com\/en\/contacto"},"modified":"2018-04-28T12:51:26","modified_gmt":"2018-04-28T12:51:26","slug":"contacto","status":"publish","type":"page","link":"https:\/\/esartepublicidad.com\/en\/contacto","title":{"rendered":"Contacto"},"content":{"rendered":"[vc_row inner_container=&#8221;false&#8221;][vc_column width=&#8221;1\/3&#8243;]<div class=\"infography-style-3\" ><div class=\"infography-icon text-center\"><i class=\"ti-mobile\"><\/i><\/div><div class=\"infography-info mrg-top-25\"><h4>Tel\u00e9fonos<\/h4><p>(+34) 952 03 99 45<br \/>\n(+34) 670 063 867<\/p><\/div><\/div><div class=\"infography-style-3\" ><div class=\"infography-icon text-center\"><i class=\"ti-email\"><\/i><\/div><div class=\"infography-info mrg-top-25\"><h4>Email<\/h4><p><a title=\"email\" href=\"mailto:info@esartepublicidad.com\">info@esartepublicidad.com<\/a><\/p><\/div><\/div><div class=\"infography-style-3\" ><div class=\"infography-icon text-center\"><i class=\"ti-location-pin\"><\/i><\/div><div class=\"infography-info mrg-top-25\"><h4>Direcci\u00f3n<\/h4><p>Avda. del Mediterraneo 20. 29670 San Pedro de Alc\u00e1ntara, Marbella, Espa\u00f1a.<\/p><\/div><\/div><div class=\"infography-style-3\" ><div class=\"infography-icon text-center\"><i class=\"ti-time\"><\/i><\/div><div class=\"infography-info mrg-top-25\"><h4>Horario<\/h4><p>Martes a Viernes: de 11:00 a 14:00 y de 17:30 a 19:30.<br \/>\nS\u00e1bados: de 12:00 a 14:00.<br \/>\nDomingos y Lunes: cerrado<\/p><\/div><\/div>[\/vc_column][vc_column width=&#8221;1\/12&#8243;][\/vc_column][vc_column width=&#8221;7\/12&#8243;][vc_column_text css_animation=&#8221;top-to-bottom&#8221; css=&#8221;.vc_custom_1524919883487{margin-bottom: 40px !important;}&#8221;]\n<h1>Contacto y presupuestos<\/h1>\n<p>Contacte con nuestra <strong>agencia de publicidad<\/strong> mediante el formulario web que se muestra a continuaci\u00f3n. Si lo prefiere tambi\u00e9n puede escribirnos por email, llamarnos por tel\u00e9fono, o visitar nuestra oficina en Marbella. Cu\u00e9ntenos lo que desea conseguir, y le mostraremos el camino para conseguirlo. Hablaremos sobre ideas, necesidades, inversiones, resultados, y encontraremos oportunidades interesantes para posicionar su empresa en el lugar en el que desea estar. \u00a1Bienvenido a Es.Arte Publicidad![\/vc_column_text]\n<div class=\"wpcf7 no-js\" id=\"wpcf7-f42-o1\" lang=\"es-ES\" dir=\"ltr\" data-wpcf7-id=\"42\">\n<div class=\"screen-reader-response\"><p role=\"status\" aria-live=\"polite\" aria-atomic=\"true\"><\/p> <ul><\/ul><\/div>\n<form action=\"\/en\/wp-json\/wp\/v2\/pages\/1622#wpcf7-f42-o1\" method=\"post\" class=\"wpcf7-form init\" aria-label=\"Formulario de contacto\" novalidate=\"novalidate\" data-status=\"init\">\n<fieldset class=\"hidden-fields-container\"><input type=\"hidden\" name=\"_wpcf7\" value=\"42\" \/><input type=\"hidden\" name=\"_wpcf7_version\" value=\"6.1.5\" \/><input type=\"hidden\" name=\"_wpcf7_locale\" value=\"es_ES\" \/><input type=\"hidden\" name=\"_wpcf7_unit_tag\" value=\"wpcf7-f42-o1\" \/><input type=\"hidden\" name=\"_wpcf7_container_post\" value=\"0\" \/><input type=\"hidden\" name=\"_wpcf7_posted_data_hash\" value=\"\" \/>\n<\/fieldset>\n<div class=\"row\">\n\t<div class=\"form-group col-sm-6\">\n\t\t<p><span class=\"wpcf7-form-control-wrap\" data-name=\"tu-nombre\"><input size=\"40\" maxlength=\"400\" class=\"wpcf7-form-control wpcf7-text wpcf7-validates-as-required form-control\" aria-required=\"true\" aria-invalid=\"false\" placeholder=\"Nombre\" value=\"\" type=\"text\" name=\"tu-nombre\" \/><\/span>\n\t\t<\/p>\n\t<\/div>\n\t<div class=\"form-group col-sm-6\">\n\t\t<p><span class=\"wpcf7-form-control-wrap\" data-name=\"tu-empresa\"><input size=\"40\" maxlength=\"400\" class=\"wpcf7-form-control wpcf7-text wpcf7-validates-as-required form-control\" aria-required=\"true\" aria-invalid=\"false\" placeholder=\"Nombre de la empresa\" value=\"\" type=\"text\" name=\"tu-empresa\" \/><\/span>\n\t\t<\/p>\n\t<\/div>\n\t<div class=\"form-group col-sm-6\">\n\t\t<p><span class=\"wpcf7-form-control-wrap\" data-name=\"tu-telefono\"><input size=\"40\" maxlength=\"400\" class=\"wpcf7-form-control wpcf7-text wpcf7-validates-as-required form-control\" aria-required=\"true\" aria-invalid=\"false\" placeholder=\"Tel\u00e9fono\" value=\"\" type=\"text\" name=\"tu-telefono\" \/><\/span>\n\t\t<\/p>\n\t<\/div>\n\t<div class=\"form-group col-sm-6\">\n\t\t<p><span class=\"wpcf7-form-control-wrap\" data-name=\"tu-email\"><input size=\"40\" maxlength=\"400\" class=\"wpcf7-form-control wpcf7-email wpcf7-validates-as-required wpcf7-text wpcf7-validates-as-email form-control\" aria-required=\"true\" aria-invalid=\"false\" placeholder=\"Email\" value=\"\" type=\"email\" name=\"tu-email\" \/><\/span>\n\t\t<\/p>\n\t<\/div>\n\t<div class=\"form-group col-sm-12\">\n\t\t<p><span class=\"wpcf7-form-control-wrap\" data-name=\"tu-mensaje\"><textarea cols=\"40\" rows=\"10\" maxlength=\"2000\" class=\"wpcf7-form-control wpcf7-textarea wpcf7-validates-as-required form-control\" aria-required=\"true\" aria-invalid=\"false\" placeholder=\"\u00bfEn qu\u00e9 podemos ayudarle?\" name=\"tu-mensaje\"><\/textarea><\/span>\n\t\t<\/p>\n\t<\/div>\n\t<div class=\"form-group col-sm-12\">\n\t\t<p><input class=\"wpcf7-form-control wpcf7-submit has-spinner btn btn-md btn-style-2\" type=\"submit\" value=\"Enviar\" \/>\n\t\t<\/p>\n\t<\/div>\n<\/div><div class=\"wpcf7-response-output\" aria-hidden=\"true\"><\/div>\n<\/form>\n<\/div>\n[\/vc_column][\/vc_row][vc_row css=&#8221;.vc_custom_1520974879810{margin-top: 40px !important;}&#8221;][vc_column][vc_gmaps link=&#8221;#E-8_JTNDaWZyYW1lJTIwc3JjJTNEJTIyaHR0cHMlM0ElMkYlMkZ3d3cuZ29vZ2xlLmNvbSUyRm1hcHMlMkZlbWJlZCUzRnBiJTNEJTIxMW0xNCUyMTFtOCUyMTFtMyUyMTFkNDQ1OS4xNTU3Mzg4MDk5ODclMjEyZC00Ljk4NzYzMDU5MzI0NTMyOCUyMTNkMzYuNDc2NTYyNjkzOTQwNzY0JTIxM20yJTIxMWkxMDI0JTIxMmk3NjglMjE0ZjEzLjElMjEzbTMlMjExbTIlMjExczB4MCUyNTNBMHhjM2UxNzU4ZGU3Njk5NDUlMjEyc0VzLkFydGUlMkJQdWJsaWNpZGFkJTJCLSUyQkFnZW5jaWElMkJkZSUyQlB1YmxpY2lkYWQlMkJ5JTJCTWFya2V0aW5nJTJCZW4lMkJNYXJiZWxsYSUyMTVlMCUyMTNtMiUyMTFzZXMlMjEyc2VzJTIxNHYxNTIzODgwODkzOTg1JTIyJTIwd2lkdGglM0QlMjI2MDAlMjIlMjBoZWlnaHQlM0QlMjI0NTAlMjIlMjBmcmFtZWJvcmRlciUzRCUyMjAlMjIlMjBzdHlsZSUzRCUyMmJvcmRlciUzQTAlMjIlMjBhbGxvd2Z1bGxzY3JlZW4lM0UlM0MlMkZpZnJhbWUlM0U=&#8221; size=&#8221;&#8221;][\/vc_column][\/vc_row]\n","protected":false},"excerpt":{"rendered":"<p>[vc_row inner_container=&#8221;false&#8221;][vc_column width=&#8221;1\/3&#8243;][\/vc_column][vc_column width=&#8221;1\/12&#8243;][\/vc_column][vc_column width=&#8221;7\/12&#8243;][vc_column_text css_animation=&#8221;top-to-bottom&#8221; css=&#8221;.vc_custom_1524919883487{margin-bottom: 40px !important;}&#8221;] Contacto y presupuestos Contacte con nuestra agencia de publicidad mediante el formulario web que se muestra &#8230;<\/p>\n","protected":false},"author":1,"featured_media":0,"parent":0,"menu_order":0,"comment_status":"closed","ping_status":"closed","template":"template-full-width.php","meta":{"_monsterinsights_skip_tracking":false,"_monsterinsights_sitenote_active":false,"_monsterinsights_sitenote_note":"","_monsterinsights_sitenote_category":0,"ngg_post_thumbnail":0,"footnotes":""},"class_list":["post-1622","page","type-page","status-publish","hentry"],"yoast_head":"<!-- This site is optimized with the Yoast SEO plugin v27.5 - https:\/\/yoast.com\/product\/yoast-seo-wordpress\/ -->\n<title>Contacto - Es Arte Publicidad<\/title>\n<meta name=\"robots\" content=\"index, follow, max-snippet:-1, max-image-preview:large, max-video-preview:-1\" \/>\n<link rel=\"canonical\" href=\"https:\/\/esartepublicidad.com\/en\/contacto\" \/>\n<meta property=\"og:locale\" content=\"en_US\" \/>\n<meta property=\"og:type\" content=\"article\" \/>\n<meta property=\"og:title\" content=\"Contacto - Es Arte Publicidad\" \/>\n<meta property=\"og:description\" content=\"[vc_row inner_container=&#8221;false&#8221;][vc_column width=&#8221;1\/3&#8243;][\/vc_column][vc_column width=&#8221;1\/12&#8243;][\/vc_column][vc_column width=&#8221;7\/12&#8243;][vc_column_text css_animation=&#8221;top-to-bottom&#8221; css=&#8221;.vc_custom_1524919883487{margin-bottom: 40px !important;}&#8221;] Contacto y presupuestos Contacte con nuestra agencia de publicidad mediante el formulario web que se muestra ...\" \/>\n<meta property=\"og:url\" content=\"https:\/\/esartepublicidad.com\/en\/contacto\" \/>\n<meta property=\"og:site_name\" content=\"Es Arte Publicidad\" \/>\n<meta property=\"article:modified_time\" content=\"2018-04-28T12:51:26+00:00\" \/>\n<meta name=\"twitter:card\" content=\"summary_large_image\" \/>\n<meta name=\"twitter:label1\" content=\"Est. reading time\" \/>\n\t<meta name=\"twitter:data1\" content=\"1 minute\" \/>\n<script type=\"application\/ld+json\" class=\"yoast-schema-graph\">{\"@context\":\"https:\\\/\\\/schema.org\",\"@graph\":[{\"@type\":\"WebPage\",\"@id\":\"https:\\\/\\\/esartepublicidad.com\\\/en\\\/contacto\",\"url\":\"https:\\\/\\\/esartepublicidad.com\\\/en\\\/contacto\",\"name\":\"Contacto - Es Arte Publicidad\",\"isPartOf\":{\"@id\":\"https:\\\/\\\/esartepublicidad.com\\\/en\\\/#website\"},\"datePublished\":\"2018-03-13T20:33:14+00:00\",\"dateModified\":\"2018-04-28T12:51:26+00:00\",\"breadcrumb\":{\"@id\":\"https:\\\/\\\/esartepublicidad.com\\\/en\\\/contacto#breadcrumb\"},\"inLanguage\":\"en-US\",\"potentialAction\":[{\"@type\":\"ReadAction\",\"target\":[\"https:\\\/\\\/esartepublicidad.com\\\/en\\\/contacto\"]}]},{\"@type\":\"BreadcrumbList\",\"@id\":\"https:\\\/\\\/esartepublicidad.com\\\/en\\\/contacto#breadcrumb\",\"itemListElement\":[{\"@type\":\"ListItem\",\"position\":1,\"name\":\"Portada\",\"item\":\"https:\\\/\\\/esartepublicidad.com\\\/en\\\/\"},{\"@type\":\"ListItem\",\"position\":2,\"name\":\"Contacto\"}]},{\"@type\":\"WebSite\",\"@id\":\"https:\\\/\\\/esartepublicidad.com\\\/en\\\/#website\",\"url\":\"https:\\\/\\\/esartepublicidad.com\\\/en\\\/\",\"name\":\"Es Arte Publicidad\",\"description\":\"Empresa de Marketing Y Publicidad\",\"potentialAction\":[{\"@type\":\"SearchAction\",\"target\":{\"@type\":\"EntryPoint\",\"urlTemplate\":\"https:\\\/\\\/esartepublicidad.com\\\/en\\\/?s={search_term_string}\"},\"query-input\":{\"@type\":\"PropertyValueSpecification\",\"valueRequired\":true,\"valueName\":\"search_term_string\"}}],\"inLanguage\":\"en-US\"}]}<\/script>\n<!-- \/ Yoast SEO plugin. -->","yoast_head_json":{"title":"Contacto - Es Arte Publicidad","robots":{"index":"index","follow":"follow","max-snippet":"max-snippet:-1","max-image-preview":"max-image-preview:large","max-video-preview":"max-video-preview:-1"},"canonical":"https:\/\/esartepublicidad.com\/en\/contacto","og_locale":"en_US","og_type":"article","og_title":"Contacto - Es Arte Publicidad","og_description":"[vc_row inner_container=&#8221;false&#8221;][vc_column width=&#8221;1\/3&#8243;][\/vc_column][vc_column width=&#8221;1\/12&#8243;][\/vc_column][vc_column width=&#8221;7\/12&#8243;][vc_column_text css_animation=&#8221;top-to-bottom&#8221; css=&#8221;.vc_custom_1524919883487{margin-bottom: 40px !important;}&#8221;] Contacto y presupuestos Contacte con nuestra agencia de publicidad mediante el formulario web que se muestra ...","og_url":"https:\/\/esartepublicidad.com\/en\/contacto","og_site_name":"Es Arte Publicidad","article_modified_time":"2018-04-28T12:51:26+00:00","twitter_card":"summary_large_image","twitter_misc":{"Est. reading time":"1 minute"},"schema":{"@context":"https:\/\/schema.org","@graph":[{"@type":"WebPage","@id":"https:\/\/esartepublicidad.com\/en\/contacto","url":"https:\/\/esartepublicidad.com\/en\/contacto","name":"Contacto - Es Arte Publicidad","isPartOf":{"@id":"https:\/\/esartepublicidad.com\/en\/#website"},"datePublished":"2018-03-13T20:33:14+00:00","dateModified":"2018-04-28T12:51:26+00:00","breadcrumb":{"@id":"https:\/\/esartepublicidad.com\/en\/contacto#breadcrumb"},"inLanguage":"en-US","potentialAction":[{"@type":"ReadAction","target":["https:\/\/esartepublicidad.com\/en\/contacto"]}]},{"@type":"BreadcrumbList","@id":"https:\/\/esartepublicidad.com\/en\/contacto#breadcrumb","itemListElement":[{"@type":"ListItem","position":1,"name":"Portada","item":"https:\/\/esartepublicidad.com\/en\/"},{"@type":"ListItem","position":2,"name":"Contacto"}]},{"@type":"WebSite","@id":"https:\/\/esartepublicidad.com\/en\/#website","url":"https:\/\/esartepublicidad.com\/en\/","name":"Es Arte Publicidad","description":"Empresa de Marketing Y Publicidad","potentialAction":[{"@type":"SearchAction","target":{"@type":"EntryPoint","urlTemplate":"https:\/\/esartepublicidad.com\/en\/?s={search_term_string}"},"query-input":{"@type":"PropertyValueSpecification","valueRequired":true,"valueName":"search_term_string"}}],"inLanguage":"en-US"}]}},"_links":{"self":[{"href":"https:\/\/esartepublicidad.com\/en\/wp-json\/wp\/v2\/pages\/1622","targetHints":{"allow":["GET"]}}],"collection":[{"href":"https:\/\/esartepublicidad.com\/en\/wp-json\/wp\/v2\/pages"}],"about":[{"href":"https:\/\/esartepublicidad.com\/en\/wp-json\/wp\/v2\/types\/page"}],"author":[{"embeddable":true,"href":"https:\/\/esartepublicidad.com\/en\/wp-json\/wp\/v2\/users\/1"}],"replies":[{"embeddable":true,"href":"https:\/\/esartepublicidad.com\/en\/wp-json\/wp\/v2\/comments?post=1622"}],"version-history":[{"count":9,"href":"https:\/\/esartepublicidad.com\/en\/wp-json\/wp\/v2\/pages\/1622\/revisions"}],"predecessor-version":[{"id":2956,"href":"https:\/\/esartepublicidad.com\/en\/wp-json\/wp\/v2\/pages\/1622\/revisions\/2956"}],"wp:attachment":[{"href":"https:\/\/esartepublicidad.com\/en\/wp-json\/wp\/v2\/media?parent=1622"}],"curies":[{"name":"wp","href":"https:\/\/api.w.org\/{rel}","templated":true}]}}