{"id":1638,"date":"2018-03-14T16:02:41","date_gmt":"2018-03-14T16:02:41","guid":{"rendered":"https:\/\/esartepublicidad.com\/en\/marketing-para-artistas"},"modified":"2018-05-17T11:04:31","modified_gmt":"2018-05-17T11:04:31","slug":"marketing-para-artistas","status":"publish","type":"page","link":"https:\/\/esartepublicidad.com\/en\/marketing-para-artistas","title":{"rendered":"Marketing para artistas"},"content":{"rendered":"[vc_row inner_container=&#8221;false&#8221; css=&#8221;.vc_custom_1521142089976{margin-top: -60px !important;padding-top: 40px !important;padding-bottom: 60px !important;background-color: #212121 !important;}&#8221;][vc_column][vc_column_text el_class=&#8221;text-white&#8221;]\n<h1 style=\"text-align: center;\">Marketing para artistas<\/h1>\n[\/vc_column_text][\/vc_column][\/vc_row][vc_row inner_container=&#8221;false&#8221; css=&#8221;.vc_custom_1521141951959{margin-top: 40px !important;}&#8221;][vc_column][vc_column_text]\n<h2>Publicidad para artistas<\/h2>\n<p>En <em>Es.Arte Publicidad<\/em> tambi\u00e9n somos artistas, tenemos nuestra propia galer\u00eda de arte contempor\u00e1neo en Marbella, y llevamos toda la vida movi\u00e9ndonos en los c\u00edrculos art\u00edsticos tanto dentro de Espa\u00f1a como en el extranjero. Contamos con un gran equipo de profesionales del sector: galeristas, comisarios de arte, marchantes, curadores, cr\u00edticos, expertos e interioristas; todos aportando sus conocimientos y experiencias para promover a los artistas con los que trabajamos y sus obras de arte.<\/p>\n<p>Como agencia de publicidad especializada en el sector del arte, ofrecemos diferentes servicios para la promocio\u0301n del artista, facilita\u0301ndole su inclusio\u0301n en el mundo del arte y\/o mejorando su posici\u00f3n dentro del mismo.[\/vc_column_text][\/vc_column][\/vc_row][vc_row css=&#8221;.vc_custom_1521978044516{margin-top: 20px !important;}&#8221;][vc_column][vc_column_text]\n<h3 style=\"text-align: center;\">Artistas que han contratado nuestros servicios:<\/h3>\n[\/vc_column_text][\/vc_column][\/vc_row][vc_row inner_container=&#8221;false&#8221; css=&#8221;.vc_custom_1521978051818{margin-top: 20px !important;}&#8221;][vc_column]<div class=\"portfolio portfolio-isotope col-4 masonry gutter\"><div class=\"folio-item arte campanas-publicidad\"><div class=\"folio-style-1\"><div class=\"folio-image\"><img loading=\"lazy\" decoding=\"async\" width=\"1200\" height=\"900\" src=\"https:\/\/esartepublicidad.com\/wp-content\/uploads\/2018\/03\/promocion-artistas.jpg\" class=\"attachment-full size-full wp-post-image\" alt=\"\" srcset=\"https:\/\/esartepublicidad.com\/wp-content\/uploads\/2018\/03\/promocion-artistas.jpg 1200w, https:\/\/esartepublicidad.com\/wp-content\/uploads\/2018\/03\/promocion-artistas-300x225.jpg 300w, https:\/\/esartepublicidad.com\/wp-content\/uploads\/2018\/03\/promocion-artistas-768x576.jpg 768w, https:\/\/esartepublicidad.com\/wp-content\/uploads\/2018\/03\/promocion-artistas-1024x768.jpg 1024w\" sizes=\"auto, (max-width: 1200px) 100vw, 1200px\" \/><\/div><div class=\"overlay\"><a href=\"https:\/\/esartepublicidad.com\/en\/portfolio-item\/campan%cc%83a-eugenio-pardini-marbella\"><div class=\"overlay-caption\"><div class=\"overlay-content\"><div class=\"folio-info\"><h3 class=\"text-white\">Campan\u0303a Eugenio Pardini Marbella<\/h3><p class=\"droid-serif-italic\">Arte,Campa\u00f1as de publicidad<\/p><\/div><div class=\"folio-links\"><a href=\"#\" class=\"\" title=\"Campan\u0303a Eugenio Pardini Marbella\"><i class=\"ti-search\"><\/i><\/a><a href=\"#\"><i class=\"ti-link\"><\/i><\/a><\/div><\/div><\/div><\/a><\/div><\/div><\/div><div class=\"folio-item arte catalogos\"><div class=\"folio-style-1\"><div class=\"folio-image\"><img loading=\"lazy\" decoding=\"async\" width=\"1200\" height=\"900\" src=\"https:\/\/esartepublicidad.com\/wp-content\/uploads\/2017\/10\/artist-catalogue-design.jpg\" class=\"attachment-full size-full wp-post-image\" alt=\"\" srcset=\"https:\/\/esartepublicidad.com\/wp-content\/uploads\/2017\/10\/artist-catalogue-design.jpg 1200w, https:\/\/esartepublicidad.com\/wp-content\/uploads\/2017\/10\/artist-catalogue-design-300x225.jpg 300w, https:\/\/esartepublicidad.com\/wp-content\/uploads\/2017\/10\/artist-catalogue-design-768x576.jpg 768w, https:\/\/esartepublicidad.com\/wp-content\/uploads\/2017\/10\/artist-catalogue-design-1024x768.jpg 1024w\" sizes=\"auto, (max-width: 1200px) 100vw, 1200px\" \/><\/div><div class=\"overlay\"><a href=\"https:\/\/esartepublicidad.com\/en\/portfolio-item\/diseno-catalogo-juanjo-viota\"><div class=\"overlay-caption\"><div class=\"overlay-content\"><div class=\"folio-info\"><h3 class=\"text-white\">Dise\u00f1o cat\u00e1logo Juanjo Viota<\/h3><p class=\"droid-serif-italic\">Arte,Cat\u00e1logos<\/p><\/div><div class=\"folio-links\"><a href=\"#\" class=\"\" title=\"Dise\u00f1o cat\u00e1logo Juanjo Viota\"><i class=\"ti-search\"><\/i><\/a><a href=\"#\"><i class=\"ti-link\"><\/i><\/a><\/div><\/div><\/div><\/a><\/div><\/div><\/div><div class=\"folio-item arte diseno-web\"><div class=\"folio-style-1\"><div class=\"folio-image\"><img loading=\"lazy\" decoding=\"async\" width=\"1200\" height=\"900\" src=\"https:\/\/esartepublicidad.com\/wp-content\/uploads\/2018\/04\/diseno-web-artistas.jpg\" class=\"attachment-full size-full wp-post-image\" alt=\"\" srcset=\"https:\/\/esartepublicidad.com\/wp-content\/uploads\/2018\/04\/diseno-web-artistas.jpg 1200w, https:\/\/esartepublicidad.com\/wp-content\/uploads\/2018\/04\/diseno-web-artistas-300x225.jpg 300w, https:\/\/esartepublicidad.com\/wp-content\/uploads\/2018\/04\/diseno-web-artistas-768x576.jpg 768w, https:\/\/esartepublicidad.com\/wp-content\/uploads\/2018\/04\/diseno-web-artistas-1024x768.jpg 1024w\" sizes=\"auto, (max-width: 1200px) 100vw, 1200px\" \/><\/div><div class=\"overlay\"><a href=\"https:\/\/esartepublicidad.com\/en\/portfolio-item\/diseno-web-para-la-artista-marife-nunez\"><div class=\"overlay-caption\"><div class=\"overlay-content\"><div class=\"folio-info\"><h3 class=\"text-white\">Dise\u00f1o web para la artista Marif\u00e9 N\u00fa\u00f1ez<\/h3><p class=\"droid-serif-italic\">Arte,Dise\u00f1o web<\/p><\/div><div class=\"folio-links\"><a href=\"#\" class=\"\" title=\"Dise\u00f1o web para la artista Marif\u00e9 N\u00fa\u00f1ez\"><i class=\"ti-search\"><\/i><\/a><a href=\"#\"><i class=\"ti-link\"><\/i><\/a><\/div><\/div><\/div><\/a><\/div><\/div><\/div><div class=\"folio-item arte diseno-web\"><div class=\"folio-style-1\"><div class=\"folio-image\"><img loading=\"lazy\" decoding=\"async\" width=\"1200\" height=\"900\" src=\"https:\/\/esartepublicidad.com\/wp-content\/uploads\/2010\/03\/diseno_web_para_artistas.jpg\" class=\"attachment-full size-full wp-post-image\" alt=\"\" srcset=\"https:\/\/esartepublicidad.com\/wp-content\/uploads\/2010\/03\/diseno_web_para_artistas.jpg 1200w, https:\/\/esartepublicidad.com\/wp-content\/uploads\/2010\/03\/diseno_web_para_artistas-300x225.jpg 300w, https:\/\/esartepublicidad.com\/wp-content\/uploads\/2010\/03\/diseno_web_para_artistas-768x576.jpg 768w, https:\/\/esartepublicidad.com\/wp-content\/uploads\/2010\/03\/diseno_web_para_artistas-1024x768.jpg 1024w\" sizes=\"auto, (max-width: 1200px) 100vw, 1200px\" \/><\/div><div class=\"overlay\"><a href=\"https:\/\/esartepublicidad.com\/en\/portfolio-item\/diseno-web-para-la-artista-yuly-alejo\"><div class=\"overlay-caption\"><div class=\"overlay-content\"><div class=\"folio-info\"><h3 class=\"text-white\">Dise\u00f1o web para la artista Yuly Alejo<\/h3><p class=\"droid-serif-italic\">Arte,Dise\u00f1o web<\/p><\/div><div class=\"folio-links\"><a href=\"#\" class=\"\" title=\"Dise\u00f1o web para la artista Yuly Alejo\"><i class=\"ti-search\"><\/i><\/a><a href=\"#\"><i class=\"ti-link\"><\/i><\/a><\/div><\/div><\/div><\/a><\/div><\/div><\/div><\/div>[\/vc_column][\/vc_row][vc_row inner_container=&#8221;false&#8221; css=&#8221;.vc_custom_1521143664999{margin-top: 40px !important;padding-top: 20px !important;padding-bottom: 40px !important;background-color: #f8f8f8 !important;}&#8221;][vc_column][vc_row_inner][vc_column_inner][vc_column_text css_animation=&#8221;top-to-bottom&#8221;]\n<h3>Campa\u00f1as de publicidad<\/h3>\n<p>Nuestro servicio m\u00e1s completo, campa\u00f1as de publicidad \u00edntegras para artistas, englobando diferentes acciones de marketing y gesti\u00f3n que har\u00e1n destacar al artista y su obra tanto en el \u00e1mbito local como en el nacional e internacional:[\/vc_column_text][\/vc_column_inner][\/vc_row_inner][vc_row_inner][vc_column_inner width=&#8221;1\/4&#8243;]<div class=\"infography-style-3\" ><div class=\"infography-icon text-center\"><i class=\"ti-image\"><\/i><\/div><div class=\"infography-info mrg-top-25\"><h4>Gesti\u00f3n de espacios para exposici\u00f3n<\/h4><p><\/p><\/div><\/div>[\/vc_column_inner][vc_column_inner width=&#8221;1\/4&#8243;]<div class=\"infography-style-3\" ><div class=\"infography-icon text-center\"><i class=\"ti-book\"><\/i><\/div><div class=\"infography-info mrg-top-25\"><h4>Promoci\u00f3n en revistas, blogs de arte y prensa<\/h4><p><\/p><\/div><\/div>[\/vc_column_inner][vc_column_inner width=&#8221;1\/4&#8243;]<div class=\"infography-style-3\" ><div class=\"infography-icon text-center\"><i class=\"ti-video-camera\"><\/i><\/div><div class=\"infography-info mrg-top-25\"><h4>V\u00eddeos y entrevistas en canales de televisi\u00f3n<\/h4><p><\/p><\/div><\/div>[\/vc_column_inner][vc_column_inner width=&#8221;1\/4&#8243;]<div class=\"infography-style-3\" ><div class=\"infography-icon text-center\"><i class=\"ti-facebook\"><\/i><\/div><div class=\"infography-info mrg-top-25\"><h4>Promoci\u00f3n en redes sociales<\/h4><p><\/p><\/div><\/div>[\/vc_column_inner][\/vc_row_inner][vc_row_inner css=&#8221;.vc_custom_1521143193523{margin-bottom: 20px !important;}&#8221;][vc_column_inner width=&#8221;1\/4&#8243;]<div class=\"infography-style-3\" ><div class=\"infography-icon text-center\"><i class=\"ti-user\"><\/i><\/div><div class=\"infography-info mrg-top-25\"><h4>Promoci\u00f3n a trav\u00e9s de eventos y actividades<\/h4><p><\/p><\/div><\/div>[\/vc_column_inner][vc_column_inner width=&#8221;1\/4&#8243;]<div class=\"infography-style-3\" ><div class=\"infography-icon text-center\"><i class=\"ti-palette\"><\/i><\/div><div class=\"infography-info mrg-top-25\"><h4>Dise\u00f1o publicitario: cat\u00e1logos, carteles, lonas, folletos.<\/h4><p><\/p><\/div><\/div>[\/vc_column_inner][vc_column_inner width=&#8221;1\/4&#8243;]<div class=\"infography-style-3\" ><div class=\"infography-icon text-center\"><i class=\"ti-direction-alt\"><\/i><\/div><div class=\"infography-info mrg-top-25\"><h4>Publicidad exterior en vallas y mupis<\/h4><p><\/p><\/div><\/div>[\/vc_column_inner][vc_column_inner width=&#8221;1\/4&#8243;]<div class=\"infography-style-3\" ><div class=\"infography-icon text-center\"><i class=\"ti-pencil-alt\"><\/i><\/div><div class=\"infography-info mrg-top-25\"><h4>Otras necesidades personalizadas<\/h4><p><\/p><\/div><\/div>[\/vc_column_inner][\/vc_row_inner][\/vc_column][\/vc_row][vc_row inner_container=&#8221;false&#8221; css=&#8221;.vc_custom_1521716441141{padding-top: 40px !important;padding-bottom: 40px !important;}&#8221;][vc_column width=&#8221;1\/2&#8243;][vc_single_image image=&#8221;2755&#8243; img_size=&#8221;full&#8221; css_animation=&#8221;left-to-right&#8221;][\/vc_column][vc_column width=&#8221;1\/2&#8243;][vc_column_text css_animation=&#8221;right-to-left&#8221; css=&#8221;.vc_custom_1522004490954{margin-bottom: 20px !important;}&#8221;]\n<h3>Dise\u00f1o web<\/h3>\n<p>El punto de inicio para cualquier artista del siglo XXI. Una exposicio\u0301n permanente de sus obras con acceso desde cualquier parte del mundo. Un sitio web f\u00e1cilmente autogestionable para que el artista pueda an\u0303adir sus nuevas obras de manera sencilla y pra\u0301ctica.<\/p>\n<p>Cada sitio web se personaliza seg\u00fan las necesidades del artista y se dise\u00f1a en funci\u00f3n del estilo de sus obras, obteniendo una sinergia que realzar\u00e1 cada obra de forma destacada.<\/p>\n<p>Cada web ofrece fotograf\u00edas de las obras de arte, organizadas por tipo o categor\u00eda; informaci\u00f3n y biograf\u00eda del artista, listado de exposiciones o eventos, premios, noticias, blog, etc. Todo lo que necesite el artista para proyectar su obra a trav\u00e9s de su propia web.<\/p>\n<p>Para un r\u00e1pido retorno de la inversi\u00f3n, se instala en la web una tienda online, donde el artista puede a\u00f1adir sus obras disponibles para ofrecerlas a la venta directamente a los visitantes. De esta forma el artista recibir\u00e1 ingresos directos gracias a la web, al mismo tiempo que difunde su obra y mensaje por el mundo.[\/vc_column_text][\/vc_column][\/vc_row][vc_row equal_height=&#8221;yes&#8221; inner_container=&#8221;false&#8221; css=&#8221;.vc_custom_1521716447309{padding-top: 40px !important;padding-bottom: 40px !important;background-color: #f8f8f8 !important;}&#8221;][vc_column width=&#8221;1\/2&#8243;][vc_column_text css_animation=&#8221;left-to-right&#8221; css=&#8221;.vc_custom_1522004477510{margin-bottom: 20px !important;}&#8221;]\n<h3>Cat\u00e1logos<\/h3>\n<p>Dise\u00f1o de cat\u00e1logos para artistas, con fotograf\u00edas de las obras de arte, informaci\u00f3n sobre las obras, biograf\u00eda del artista, curr\u00edculum, exposiciones, y cualquier otra informaci\u00f3n necesaria. Cat\u00e1logos especiales impresos en papel de alta calidad para una correcta visualizaci\u00f3n de las obras. Estos cat\u00e1logos son muy utilizados en muestras de arte, galer\u00edas, exposiciones, ferias de arte y eventos relacionados. Un complemento ideal para mostrar la obra e informaci\u00f3n de un artista de manera c\u00f3moda para el visitante o coleccionista.[\/vc_column_text][\/vc_column][vc_column width=&#8221;1\/2&#8243;][vc_single_image image=&#8221;1817&#8243; img_size=&#8221;full&#8221; css_animation=&#8221;right-to-left&#8221;][\/vc_column][\/vc_row][vc_row inner_container=&#8221;false&#8221; css=&#8221;.vc_custom_1521056024355{margin-top: 40px !important;}&#8221;][vc_column width=&#8221;1\/2&#8243;][vc_column_text css_animation=&#8221;left-to-right&#8221;]\n<div class=\"background-holder \" style=\"background-image: url('https:\/\/esartepublicidad.com\/wp-content\/uploads\/2018\/03\/fine-art-prints.jpg'); height: 370px;\">&nbsp;<\/div>\n[\/vc_column_text][\/vc_column][vc_column width=&#8221;1\/2&#8243;][vc_column_text css_animation=&#8221;right-to-left&#8221;]\n<h3>Copias&nbsp;gicl\u00e9e \/ Impresiones de arte<\/h3>\n<p>Las copias&nbsp;gicl\u00e9e, o impresiones de arte, son reproducciones de las obras originales, y suponen una fuente de ingresos alternativa para los artistas. De cada pintura original, se hace hace una serie de copias limitadas, las cuales se enumeran y se firman por el artista. Estas copias son muy interesantes para coleccionistas que desean tener una copia certificada por el artista pero no pueden permitirse adquirir la obra original, o \u00e9sta ya ha sido vendida.<\/p>\n<p>En Es.Arte Publicidad conocemos el proceso necesario para producir copias gicl\u00e9e de m\u00e1xima calidad, y se las hacemos llegar al artista a la direcci\u00f3n que nos indique para que pueda empezar a vender sus copias r\u00e1pidamente. Si las copias son para una exposici\u00f3n, las enviamos directamente a la galer\u00eda o museo donde se exponga.[\/vc_column_text][\/vc_column][\/vc_row][vc_row inner_container=&#8221;false&#8221; css=&#8221;.vc_custom_1522004624453{margin-top: 40px !important;padding-top: 40px !important;padding-bottom: 40px !important;background-color: #f8f8f8 !important;}&#8221;][vc_column width=&#8221;1\/2&#8243;][vc_column_text css_animation=&#8221;left-to-right&#8221;]\n<h3>Libros de arte<\/h3>\n<p>Los libros de arte son una magn\u00edfica herramienta para promocionar y difundir la obra de un artista, al mismo tiempo que genera unos ingresos adicionales con su venta. Como artistas y agencia de publicidad especializada en arte, tenemos los conocimientos y habilidades para crear libros de arte de calidad, fabricado con materiales especializados que resulten en un producto que respete el color, destaque las obras, y que resulte un objeto de coleccionista deseado por lo seguidores del artista. Todos los detalles son minuciosamente cuidados, el papel escogido, las tintas empleadas, el acabado, la encuadernaci\u00f3n, estuche, packaging&#8230; Cada libro de arte se maqueta y dise\u00f1a en concordancia con el estilo del artista y sus obras publicadas. Un producto para coleccionistas que no puede faltar en el stock de cualquier artista en activo.[\/vc_column_text][\/vc_column][vc_column width=&#8221;1\/2&#8243;][vc_single_image image=&#8221;2092&#8243; img_size=&#8221;full&#8221; alignment=&#8221;right&#8221; css_animation=&#8221;right-to-left&#8221;][\/vc_column][\/vc_row][vc_row inner_container=&#8221;false&#8221; css=&#8221;.vc_custom_1521056024355{margin-top: 40px !important;}&#8221;][vc_column width=&#8221;1\/2&#8243;][vc_single_image image=&#8221;2081&#8243; img_size=&#8221;full&#8221; css_animation=&#8221;left-to-right&#8221;][\/vc_column][vc_column width=&#8221;1\/2&#8243;][vc_column_text css_animation=&#8221;right-to-left&#8221;]\n<h3>Gesti\u00f3n de marketplaces<\/h3>\n<p>Las ventas online son cada vez m\u00e1s notables en todos los sectores, incluyendo el mercado del arte. Son muchas las ventajas de ofrecer obras de arte a la venta a trav\u00e9s de internet, destacando entre todas la enorme difusi\u00f3n de la obra entre coleccionistas de cualquier parte del mundo. Como artistas, el inconveniente que encontramos hoy en d\u00eda para vender arte a trav\u00e9s de internet, es la gran cantidad de sitios webs dedicados a tal fin, lo que resulta en una gran inversi\u00f3n de tiempo si queremos exponer nuestras obras a trav\u00e9s de todos los espacios. Por ello, en Es.Arte Publicidad contamos con un equipo profesional que se encargar\u00e1 de hacer todo este trabajo por usted. Todas las obras recibidas se a\u00f1aden a los marketplaces de arte que mejor funcionan, y se realiza un mantenimiento de la gesti\u00f3n de disponibilidad, as\u00ed como la atenci\u00f3n al comprador interesado. El artista env\u00eda su obra disponible a la agencia de publicidad, y nosotros nos encargamos de todo. Nuestro objetivo es que el artista s\u00f3lo tenga que preocuparse de crear arte, y no pierda su tiempo y energ\u00eda con marketplaces, tiendas online, atenci\u00f3n al cliente y todo lo que ello conlleva.[\/vc_column_text][\/vc_column][\/vc_row][vc_row inner_container=&#8221;false&#8221; css=&#8221;.vc_custom_1522004672019{margin-top: 40px !important;padding-top: 40px !important;padding-bottom: 40px !important;background-color: #f8f8f8 !important;}&#8221;][vc_column width=&#8221;2\/3&#8243;][vc_column_text]\n<h3>Gesti\u00f3n de redes sociales<\/h3>\n[\/vc_column_text][\/vc_column][vc_column width=&#8221;1\/3&#8243;][\/vc_column][\/vc_row][vc_row css=&#8221;.vc_custom_1521978022817{margin-top: 40px !important;}&#8221;][vc_column][vc_separator][\/vc_column][\/vc_row]\n","protected":false},"excerpt":{"rendered":"<p>[vc_row inner_container=&#8221;false&#8221; css=&#8221;.vc_custom_1521142089976{margin-top: -60px !important;padding-top: 40px !important;padding-bottom: 60px !important;background-color: #212121 !important;}&#8221;][vc_column][vc_column_text el_class=&#8221;text-white&#8221;] &#8230;<\/p>\n","protected":false},"author":1,"featured_media":0,"parent":0,"menu_order":0,"comment_status":"closed","ping_status":"closed","template":"template-full-width.php","meta":{"_monsterinsights_skip_tracking":false,"_monsterinsights_sitenote_active":false,"_monsterinsights_sitenote_note":"","_monsterinsights_sitenote_category":0,"ngg_post_thumbnail":0,"footnotes":""},"class_list":["post-1638","page","type-page","status-publish","hentry"],"yoast_head":"<!-- This site is optimized with the Yoast SEO plugin v27.5 - https:\/\/yoast.com\/product\/yoast-seo-wordpress\/ -->\n<title>Marketing y Publicidad Para Artistas - Marketing Publicitario<\/title>\n<meta name=\"robots\" content=\"index, follow, max-snippet:-1, max-image-preview:large, max-video-preview:-1\" \/>\n<link rel=\"canonical\" href=\"https:\/\/esartepublicidad.com\/en\/marketing-para-artistas\" \/>\n<meta property=\"og:locale\" content=\"en_US\" \/>\n<meta property=\"og:type\" content=\"article\" \/>\n<meta property=\"og:title\" content=\"Marketing y Publicidad Para Artistas - Marketing Publicitario\" \/>\n<meta property=\"og:description\" content=\"[vc_row inner_container=&#8221;false&#8221; css=&#8221;.vc_custom_1521142089976{margin-top: -60px !important;padding-top: 40px !important;padding-bottom: 60px !important;background-color: #212121 !important;}&#8221;][vc_column][vc_column_text el_class=&#8221;text-white&#8221;] ...\" \/>\n<meta property=\"og:url\" content=\"https:\/\/esartepublicidad.com\/en\/marketing-para-artistas\" \/>\n<meta property=\"og:site_name\" content=\"Es Arte Publicidad\" \/>\n<meta property=\"article:modified_time\" content=\"2018-05-17T11:04:31+00:00\" \/>\n<meta name=\"twitter:card\" content=\"summary_large_image\" \/>\n<meta name=\"twitter:label1\" content=\"Est. reading time\" \/>\n\t<meta name=\"twitter:data1\" content=\"8 minutes\" \/>\n<script type=\"application\/ld+json\" class=\"yoast-schema-graph\">{\"@context\":\"https:\\\/\\\/schema.org\",\"@graph\":[{\"@type\":\"WebPage\",\"@id\":\"https:\\\/\\\/esartepublicidad.com\\\/en\\\/marketing-para-artistas\",\"url\":\"https:\\\/\\\/esartepublicidad.com\\\/en\\\/marketing-para-artistas\",\"name\":\"Marketing y Publicidad Para Artistas - Marketing Publicitario\",\"isPartOf\":{\"@id\":\"https:\\\/\\\/esartepublicidad.com\\\/en\\\/#website\"},\"datePublished\":\"2018-03-14T16:02:41+00:00\",\"dateModified\":\"2018-05-17T11:04:31+00:00\",\"breadcrumb\":{\"@id\":\"https:\\\/\\\/esartepublicidad.com\\\/en\\\/marketing-para-artistas#breadcrumb\"},\"inLanguage\":\"en-US\",\"potentialAction\":[{\"@type\":\"ReadAction\",\"target\":[\"https:\\\/\\\/esartepublicidad.com\\\/en\\\/marketing-para-artistas\"]}]},{\"@type\":\"BreadcrumbList\",\"@id\":\"https:\\\/\\\/esartepublicidad.com\\\/en\\\/marketing-para-artistas#breadcrumb\",\"itemListElement\":[{\"@type\":\"ListItem\",\"position\":1,\"name\":\"Portada\",\"item\":\"https:\\\/\\\/esartepublicidad.com\\\/en\\\/\"},{\"@type\":\"ListItem\",\"position\":2,\"name\":\"Marketing para artistas\"}]},{\"@type\":\"WebSite\",\"@id\":\"https:\\\/\\\/esartepublicidad.com\\\/en\\\/#website\",\"url\":\"https:\\\/\\\/esartepublicidad.com\\\/en\\\/\",\"name\":\"Es Arte Publicidad\",\"description\":\"Empresa de Marketing Y Publicidad\",\"potentialAction\":[{\"@type\":\"SearchAction\",\"target\":{\"@type\":\"EntryPoint\",\"urlTemplate\":\"https:\\\/\\\/esartepublicidad.com\\\/en\\\/?s={search_term_string}\"},\"query-input\":{\"@type\":\"PropertyValueSpecification\",\"valueRequired\":true,\"valueName\":\"search_term_string\"}}],\"inLanguage\":\"en-US\"}]}<\/script>\n<!-- \/ Yoast SEO plugin. -->","yoast_head_json":{"title":"Marketing y Publicidad Para Artistas - Marketing Publicitario","robots":{"index":"index","follow":"follow","max-snippet":"max-snippet:-1","max-image-preview":"max-image-preview:large","max-video-preview":"max-video-preview:-1"},"canonical":"https:\/\/esartepublicidad.com\/en\/marketing-para-artistas","og_locale":"en_US","og_type":"article","og_title":"Marketing y Publicidad Para Artistas - Marketing Publicitario","og_description":"[vc_row inner_container=&#8221;false&#8221; css=&#8221;.vc_custom_1521142089976{margin-top: -60px !important;padding-top: 40px !important;padding-bottom: 60px !important;background-color: #212121 !important;}&#8221;][vc_column][vc_column_text el_class=&#8221;text-white&#8221;] ...","og_url":"https:\/\/esartepublicidad.com\/en\/marketing-para-artistas","og_site_name":"Es Arte Publicidad","article_modified_time":"2018-05-17T11:04:31+00:00","twitter_card":"summary_large_image","twitter_misc":{"Est. reading time":"8 minutes"},"schema":{"@context":"https:\/\/schema.org","@graph":[{"@type":"WebPage","@id":"https:\/\/esartepublicidad.com\/en\/marketing-para-artistas","url":"https:\/\/esartepublicidad.com\/en\/marketing-para-artistas","name":"Marketing y Publicidad Para Artistas - Marketing Publicitario","isPartOf":{"@id":"https:\/\/esartepublicidad.com\/en\/#website"},"datePublished":"2018-03-14T16:02:41+00:00","dateModified":"2018-05-17T11:04:31+00:00","breadcrumb":{"@id":"https:\/\/esartepublicidad.com\/en\/marketing-para-artistas#breadcrumb"},"inLanguage":"en-US","potentialAction":[{"@type":"ReadAction","target":["https:\/\/esartepublicidad.com\/en\/marketing-para-artistas"]}]},{"@type":"BreadcrumbList","@id":"https:\/\/esartepublicidad.com\/en\/marketing-para-artistas#breadcrumb","itemListElement":[{"@type":"ListItem","position":1,"name":"Portada","item":"https:\/\/esartepublicidad.com\/en\/"},{"@type":"ListItem","position":2,"name":"Marketing para artistas"}]},{"@type":"WebSite","@id":"https:\/\/esartepublicidad.com\/en\/#website","url":"https:\/\/esartepublicidad.com\/en\/","name":"Es Arte Publicidad","description":"Empresa de Marketing Y Publicidad","potentialAction":[{"@type":"SearchAction","target":{"@type":"EntryPoint","urlTemplate":"https:\/\/esartepublicidad.com\/en\/?s={search_term_string}"},"query-input":{"@type":"PropertyValueSpecification","valueRequired":true,"valueName":"search_term_string"}}],"inLanguage":"en-US"}]}},"_links":{"self":[{"href":"https:\/\/esartepublicidad.com\/en\/wp-json\/wp\/v2\/pages\/1638","targetHints":{"allow":["GET"]}}],"collection":[{"href":"https:\/\/esartepublicidad.com\/en\/wp-json\/wp\/v2\/pages"}],"about":[{"href":"https:\/\/esartepublicidad.com\/en\/wp-json\/wp\/v2\/types\/page"}],"author":[{"embeddable":true,"href":"https:\/\/esartepublicidad.com\/en\/wp-json\/wp\/v2\/users\/1"}],"replies":[{"embeddable":true,"href":"https:\/\/esartepublicidad.com\/en\/wp-json\/wp\/v2\/comments?post=1638"}],"version-history":[{"count":86,"href":"https:\/\/esartepublicidad.com\/en\/wp-json\/wp\/v2\/pages\/1638\/revisions"}],"predecessor-version":[{"id":3128,"href":"https:\/\/esartepublicidad.com\/en\/wp-json\/wp\/v2\/pages\/1638\/revisions\/3128"}],"wp:attachment":[{"href":"https:\/\/esartepublicidad.com\/en\/wp-json\/wp\/v2\/media?parent=1638"}],"curies":[{"name":"wp","href":"https:\/\/api.w.org\/{rel}","templated":true}]}}